{"id":10,"date":"2021-03-20T20:59:19","date_gmt":"2021-03-20T20:59:19","guid":{"rendered":"https:\/\/maestranzaramirez.cl\/maestranza\/?page_id=10"},"modified":"2021-03-22T14:25:37","modified_gmt":"2021-03-22T14:25:37","slug":"portada","status":"publish","type":"page","link":"https:\/\/maestranzaramirez.cl\/maestranza\/","title":{"rendered":"Bienvenido"},"content":{"rendered":"<style id=\"kt-blocks_945272-65\">#kt-layout-id_945272-65 > .kt-row-column-wrap{min-height:311px;}<\/style>\n<div class=\"wp-block-kadence-rowlayout alignnone\"><div id=\"kt-layout-id_945272-65\" class=\"kt-row-layout-inner kt-layout-id_945272-65\"><div class=\"kt-blocks-carousel kb-blocks-bg-slider kt-carousel-container-dotstyle-dark\"><div class=\"kt-blocks-carousel-init kb-blocks-bg-slider-init kt-carousel-arrowstyle-none kt-carousel-dotstyle-dark\" data-slider-anim-speed=\"400\" data-slider-type=\"slider\" data-slider-scroll=\"1\" data-slider-arrows=\"false\" data-slider-fade=\"true\" data-slider-dots=\"true\" data-slider-hover-pause=\"false\" data-slider-auto=\"true\" data-slider-speed=\"7000\"><div class=\"kb-bg-slide-contain\"><div class=\"kb-bg-slide kb-bg-slide-0\" style=\"background-image:url(&quot;https:\/\/maestranzaramirez.cl\/maestranza\/wp-content\/uploads\/2021\/03\/Que-es-Metalmecanica.jpg&quot;);background-size:cover;background-position:center center;background-repeat:no-repeat\"><\/div><\/div><div class=\"kb-bg-slide-contain\"><div class=\"kb-bg-slide kb-bg-slide-1\" style=\"background-image:url(&quot;https:\/\/maestranzaramirez.cl\/maestranza\/wp-content\/uploads\/2021\/03\/emotionheader.jpg&quot;);background-size:cover;background-position:center center;background-repeat:no-repeat\"><\/div><\/div><div class=\"kb-bg-slide-contain\"><div class=\"kb-bg-slide kb-bg-slide-2\" style=\"background-image:url(&quot;https:\/\/maestranzaramirez.cl\/maestranza\/wp-content\/uploads\/2021\/03\/Procesos-Metalmecanicos.jpg&quot;);background-size:cover;background-position:center center;background-repeat:no-repeat\"><\/div><\/div><\/div><\/div><div class=\"kt-row-column-wrap kt-has-1-columns kt-gutter-default kt-v-gutter-default kt-row-valign-top kt-row-layout-equal kt-tab-layout-inherit kt-m-colapse-left-to-right kt-mobile-layout-row\">\n<div class=\"wp-block-kadence-column inner-column-1 kadence-column_7e383d-cc\"><div class=\"kt-inside-inner-col\"><\/div><\/div>\n<\/div><\/div><\/div>\n\n\n<style id=\"kt-blocks_0850b3-10\">#kt-layout-id_0850b3-10 > .kt-row-column-wrap.kb-theme-content-width{max-width:1024px;}.kt-layout-id_0850b3-10 > .kb-theme-content-width{padding-left:var(--global-sm-spacing);padding-right:var(--global-sm-spacing);}<\/style>\n<div class=\"wp-block-kadence-rowlayout alignnone\"><div id=\"kt-layout-id_0850b3-10\" class=\"kt-row-layout-inner kt-layout-id_0850b3-10\"><div class=\"kt-row-column-wrap kt-has-1-columns kt-gutter-default kt-v-gutter-default kt-row-valign-top kt-row-layout-equal kt-tab-layout-inherit kt-m-colapse-left-to-right kt-mobile-layout-row kb-theme-content-width\">\n<div class=\"wp-block-kadence-column inner-column-1 kadence-column_f158a0-ed\"><div class=\"kt-inside-inner-col\">\n<h1><strong>Maestranza Ram\u00edrez<\/strong><\/h1>\n\n\n\n<p><strong>Orientaci\u00f3n Comercial <\/strong><br>Fabricaci\u00f3n &amp; Mantenci\u00f3n Industrial, Dise\u00f1o de Ingenier\u00eda, Automatizaciones.<\/p>\n<\/div><\/div>\n<\/div><\/div><\/div>\n\n\n<style id=\"kt-blocks_0a4fc3-08\">#kt-layout-id_0a4fc3-08 > .kt-row-column-wrap.kb-theme-content-width{max-width:1024px;}.kt-layout-id_0a4fc3-08 > .kb-theme-content-width{padding-left:var(--global-sm-spacing);padding-right:var(--global-sm-spacing);}<\/style>\n<div class=\"wp-block-kadence-rowlayout alignnone\"><div id=\"kt-layout-id_0a4fc3-08\" class=\"kt-row-layout-inner kt-layout-id_0a4fc3-08\"><div class=\"kt-row-column-wrap kt-has-1-columns kt-gutter-default kt-v-gutter-default kt-row-valign-top kt-row-layout-equal kt-tab-layout-inherit kt-m-colapse-left-to-right kt-mobile-layout-row kb-theme-content-width\">\n<div class=\"wp-block-kadence-column inner-column-1 kadence-column_fd85d7-8c\"><div class=\"kt-inside-inner-col\">\n<h3 id=\"somos\">Quienes Somos<\/h3>\n\n\n\n<p>Maestranza Ram\u00edrez nace como una empresa familiar el a\u00f1o 1962, dedicada a satisfacer la demanda existente en el \u00e1rea de la metalmec\u00e1nica. Fundada por Don Humberto Ram\u00edrez, permanece funcionando continuamente y sin grandes modificaciones hasta 1994, a\u00f1o en que Francisco Ram\u00edrez M. asume como Gerente General.<\/p>\n\n\n\n<p>Actualmente\u00a0 la empresa funciona como\u00a0 Metal\u00fargica Industrial Ram\u00edrez y Limitada. El \u00e1rea de acci\u00f3n se ha ampliado de la reparaci\u00f3n y fabricaci\u00f3n al dise\u00f1o de equipos y sistemas para la industria. Y como respaldo t\u00e9cnico se cuenta con un Departamento de Ingenier\u00eda.<\/p>\n<\/div><\/div>\n<\/div><\/div><\/div>\n\n\n<style id=\"kt-blocks_a4e96f-53\">#kt-layout-id_a4e96f-53 > .kt-row-column-wrap.kb-theme-content-width{max-width:1024px;}.kt-layout-id_a4e96f-53 > .kb-theme-content-width{padding-left:var(--global-sm-spacing);padding-right:var(--global-sm-spacing);}<\/style>\n<div class=\"wp-block-kadence-rowlayout alignnone\"><div id=\"kt-layout-id_a4e96f-53\" class=\"kt-row-layout-inner kt-layout-id_a4e96f-53\"><div class=\"kt-row-column-wrap kt-has-1-columns kt-gutter-default kt-v-gutter-default kt-row-valign-top kt-row-layout-equal kt-tab-layout-inherit kt-m-colapse-left-to-right kt-mobile-layout-row kb-theme-content-width\">\n<div class=\"wp-block-kadence-column inner-column-1 kadence-column_680df1-38\"><div class=\"kt-inside-inner-col\">\n<h2 id=\"servicio\">SERVICIOS<\/h2>\n\n\n\n<div class=\"wp-container-3 wp-block-columns\">\n<div class=\"wp-container-1 wp-block-column\">\n<div class=\"wp-block-media-text alignwide is-stacked-on-mobile\" style=\"grid-template-columns:20% auto\"><figure class=\"wp-block-media-text__media\"><img loading=\"lazy\" width=\"151\" height=\"158\" src=\"https:\/\/maestranzaramirez.cl\/maestranza\/wp-content\/uploads\/2021\/03\/logo-ico-maestranzaramirez.jpg\" alt=\"\" class=\"wp-image-13 size-full\"\/><\/figure><div class=\"wp-block-media-text__content\">\n<p><strong>Mantenci\u00f3n maquinarias<\/strong><br>SERVICIO DE MANTENCI\u00d3N DE MAQUINA INDUSTRIALES EN<\/p>\n<\/div><\/div>\n<\/div>\n\n\n\n<div class=\"wp-container-2 wp-block-column\">\n<div class=\"wp-block-media-text alignwide is-stacked-on-mobile\" style=\"grid-template-columns:20% auto\"><figure class=\"wp-block-media-text__media\"><img loading=\"lazy\" width=\"151\" height=\"158\" src=\"https:\/\/maestranzaramirez.cl\/maestranza\/wp-content\/uploads\/2021\/03\/logo-ico-maestranzaramirez.jpg\" alt=\"\" class=\"wp-image-13 size-full\"\/><\/figure><div class=\"wp-block-media-text__content\">\n<p><strong>Dise\u00f1o y fabricaci\u00f3n<\/strong><br>DISE\u00d1O Y FABRICACI\u00d3N DE EQUIPOS ESPECIALES<\/p>\n<\/div><\/div>\n<\/div>\n<\/div>\n\n\n\n<div class=\"wp-container-6 wp-block-columns\">\n<div class=\"wp-container-4 wp-block-column\">\n<div class=\"wp-block-media-text alignwide is-stacked-on-mobile\" style=\"grid-template-columns:20% auto\"><figure class=\"wp-block-media-text__media\"><img loading=\"lazy\" width=\"151\" height=\"158\" src=\"https:\/\/maestranzaramirez.cl\/maestranza\/wp-content\/uploads\/2021\/03\/logo-ico-maestranzaramirez.jpg\" alt=\"\" class=\"wp-image-13 size-full\"\/><\/figure><div class=\"wp-block-media-text__content\">\n<p><strong>Montaje<\/strong><br>TRABAJOS DE MONTAJE EN TERRENO<\/p>\n<\/div><\/div>\n<\/div>\n\n\n\n<div class=\"wp-container-5 wp-block-column\">\n<div class=\"wp-block-media-text alignwide is-stacked-on-mobile\" style=\"grid-template-columns:20% auto\"><figure class=\"wp-block-media-text__media\"><img loading=\"lazy\" width=\"151\" height=\"158\" src=\"https:\/\/maestranzaramirez.cl\/maestranza\/wp-content\/uploads\/2021\/03\/logo-ico-maestranzaramirez.jpg\" alt=\"\" class=\"wp-image-13 size-full\"\/><\/figure><div class=\"wp-block-media-text__content\">\n<p><strong>Correas<\/strong><br>CORREAS TRANSPORTADORAS<\/p>\n<\/div><\/div>\n<\/div>\n<\/div>\n\n\n\n<div class=\"wp-container-9 wp-block-columns\">\n<div class=\"wp-container-7 wp-block-column\">\n<div class=\"wp-block-media-text alignwide is-stacked-on-mobile\" style=\"grid-template-columns:20% auto\"><figure class=\"wp-block-media-text__media\"><img loading=\"lazy\" width=\"151\" height=\"158\" src=\"https:\/\/maestranzaramirez.cl\/maestranza\/wp-content\/uploads\/2021\/03\/logo-ico-maestranzaramirez.jpg\" alt=\"\" class=\"wp-image-13 size-full\"\/><\/figure><div class=\"wp-block-media-text__content\">\n<p><strong>Equipos<\/strong><br>EQUIPOS ELECTROMECANICOS<\/p>\n<\/div><\/div>\n<\/div>\n\n\n\n<div class=\"wp-container-8 wp-block-column\">\n<div class=\"wp-block-media-text alignwide is-stacked-on-mobile\" style=\"grid-template-columns:20% auto\"><figure class=\"wp-block-media-text__media\"><img loading=\"lazy\" width=\"151\" height=\"158\" src=\"https:\/\/maestranzaramirez.cl\/maestranza\/wp-content\/uploads\/2021\/03\/logo-ico-maestranzaramirez.jpg\" alt=\"\" class=\"wp-image-13 size-full\"\/><\/figure><div class=\"wp-block-media-text__content\">\n<p><strong>Proyecto y Fabricaci\u00f3n<\/strong><br>PROYECTO Y FABRICACION DE ESTRUCTURAS METALICAS<\/p>\n<\/div><\/div>\n<\/div>\n<\/div>\n\n\n\n<div class=\"wp-container-12 wp-block-columns\">\n<div class=\"wp-container-10 wp-block-column\">\n<div class=\"wp-block-media-text alignwide is-stacked-on-mobile\" style=\"grid-template-columns:20% auto\"><figure class=\"wp-block-media-text__media\"><img loading=\"lazy\" width=\"151\" height=\"158\" src=\"https:\/\/maestranzaramirez.cl\/maestranza\/wp-content\/uploads\/2021\/03\/logo-ico-maestranzaramirez.jpg\" alt=\"\" class=\"wp-image-13 size-full\"\/><\/figure><div class=\"wp-block-media-text__content\">\n<p><strong>Acero Inoxidable<\/strong><br>TRABAJOS EN ACERO INOXIDABLE PARA INDUSTRIAS ALIMENTICIAS<\/p>\n<\/div><\/div>\n<\/div>\n\n\n\n<div class=\"wp-container-11 wp-block-column\">\n<div class=\"wp-block-media-text alignwide is-stacked-on-mobile\" style=\"grid-template-columns:20% auto\"><figure class=\"wp-block-media-text__media\"><img loading=\"lazy\" width=\"151\" height=\"158\" src=\"https:\/\/maestranzaramirez.cl\/maestranza\/wp-content\/uploads\/2021\/03\/logo-ico-maestranzaramirez.jpg\" alt=\"\" class=\"wp-image-13 size-full\"\/><\/figure><div class=\"wp-block-media-text__content\">\n<p><strong>Soldaduras<\/strong><br>SOLDADURAS TIG &#8211; MIG &#8211; ARCO &#8211; OXIACETILENICAS<\/p>\n<\/div><\/div>\n<\/div>\n<\/div>\n\n\n\n<div class=\"wp-container-15 wp-block-columns\">\n<div class=\"wp-container-13 wp-block-column\">\n<div class=\"wp-block-media-text alignwide is-stacked-on-mobile\" style=\"grid-template-columns:20% auto\"><figure class=\"wp-block-media-text__media\"><img loading=\"lazy\" width=\"151\" height=\"158\" src=\"https:\/\/maestranzaramirez.cl\/maestranza\/wp-content\/uploads\/2021\/03\/logo-ico-maestranzaramirez.jpg\" alt=\"\" class=\"wp-image-13 size-full\"\/><\/figure><div class=\"wp-block-media-text__content\">\n<p><strong>Mecanizado<\/strong><br>SERVICIOS DE MECANIZADO<\/p>\n<\/div><\/div>\n<\/div>\n\n\n\n<div class=\"wp-container-14 wp-block-column\">\n<div class=\"wp-block-media-text alignwide is-stacked-on-mobile\" style=\"grid-template-columns:20% auto\"><figure class=\"wp-block-media-text__media\"><img loading=\"lazy\" width=\"151\" height=\"158\" src=\"https:\/\/maestranzaramirez.cl\/maestranza\/wp-content\/uploads\/2021\/03\/logo-ico-maestranzaramirez.jpg\" alt=\"\" class=\"wp-image-13 size-full\"\/><\/figure><div class=\"wp-block-media-text__content\">\n<p><strong>Ruedas Dentadas<\/strong><br>RUEDAS DENTADAS RECTAS, HELICOIDALES, PARA CADENAS , CORONAS, TORNILLOS SINF\u00cdN.<\/p>\n<\/div><\/div>\n<\/div>\n<\/div>\n\n\n\n<div class=\"wp-container-18 wp-block-columns\">\n<div class=\"wp-container-16 wp-block-column\">\n<div class=\"wp-block-media-text alignwide is-stacked-on-mobile\" style=\"grid-template-columns:20% auto\"><figure class=\"wp-block-media-text__media\"><img loading=\"lazy\" width=\"151\" height=\"158\" src=\"https:\/\/maestranzaramirez.cl\/maestranza\/wp-content\/uploads\/2021\/03\/logo-ico-maestranzaramirez.jpg\" alt=\"\" class=\"wp-image-13 size-full\"\/><\/figure><div class=\"wp-block-media-text__content\">\n<p><strong>Poleas<\/strong><br>POLEAS HASTA \u00d8 1000 mm<\/p>\n<\/div><\/div>\n<\/div>\n\n\n\n<div class=\"wp-container-17 wp-block-column\">\n<div class=\"wp-block-media-text alignwide is-stacked-on-mobile\" style=\"grid-template-columns:20% auto\"><figure class=\"wp-block-media-text__media\"><img loading=\"lazy\" width=\"151\" height=\"158\" src=\"https:\/\/maestranzaramirez.cl\/maestranza\/wp-content\/uploads\/2021\/03\/logo-ico-maestranzaramirez.jpg\" alt=\"\" class=\"wp-image-13 size-full\"\/><\/figure><div class=\"wp-block-media-text__content\">\n<p>EJES, BUJES, RODILLO, MACHONES DE ACOPLAMIENTO, PERNOS ESPECIALES, ETC.<\/p>\n<\/div><\/div>\n<\/div>\n<\/div>\n<\/div><\/div>\n<\/div><\/div><\/div>\n\n\n<style id=\"kt-blocks_ea7b79-de\">#kt-layout-id_ea7b79-de > .kt-row-column-wrap.kb-theme-content-width{max-width:1024px;}.kt-layout-id_ea7b79-de > .kb-theme-content-width{padding-left:var(--global-sm-spacing);padding-right:var(--global-sm-spacing);}<\/style>\n<div class=\"wp-block-kadence-rowlayout alignnone\"><div id=\"kt-layout-id_ea7b79-de\" class=\"kt-row-layout-inner kt-layout-id_ea7b79-de\"><div class=\"kt-row-column-wrap kt-has-1-columns kt-gutter-default kt-v-gutter-default kt-row-valign-top kt-row-layout-equal kt-tab-layout-inherit kt-m-colapse-left-to-right kt-mobile-layout-row kb-theme-content-width\">\n<div class=\"wp-block-kadence-column inner-column-1 kadence-column_64c203-48\"><div class=\"kt-inside-inner-col\">\n<h2 id=\"producto\">PRODUCTOS<\/h2>\n\n\n\n<figure class=\"wp-container-20 wp-block-gallery-19 wp-block-gallery columns-5 is-cropped\"><ul class=\"blocks-gallery-grid\"><li class=\"blocks-gallery-item\"><figure><img loading=\"lazy\" width=\"150\" height=\"115\" src=\"https:\/\/maestranzaramirez.cl\/maestranza\/wp-content\/uploads\/2021\/03\/1.jpg\" alt=\"\" data-id=\"14\" data-link=\"https:\/\/maestranzaramirez.cl\/maestranza\/portada\/attachment\/1\/\" class=\"wp-image-14\"\/><\/figure><\/li><li class=\"blocks-gallery-item\"><figure><img loading=\"lazy\" width=\"150\" height=\"115\" src=\"https:\/\/maestranzaramirez.cl\/maestranza\/wp-content\/uploads\/2021\/03\/2.jpg\" alt=\"\" data-id=\"15\" data-link=\"https:\/\/maestranzaramirez.cl\/maestranza\/portada\/attachment\/2\/\" class=\"wp-image-15\"\/><\/figure><\/li><li class=\"blocks-gallery-item\"><figure><img loading=\"lazy\" width=\"150\" height=\"115\" src=\"https:\/\/maestranzaramirez.cl\/maestranza\/wp-content\/uploads\/2021\/03\/3.jpg\" alt=\"\" data-id=\"16\" data-link=\"https:\/\/maestranzaramirez.cl\/maestranza\/portada\/attachment\/3\/\" class=\"wp-image-16\"\/><\/figure><\/li><li class=\"blocks-gallery-item\"><figure><img loading=\"lazy\" width=\"150\" height=\"115\" src=\"https:\/\/maestranzaramirez.cl\/maestranza\/wp-content\/uploads\/2021\/03\/4.jpg\" alt=\"\" data-id=\"17\" data-link=\"https:\/\/maestranzaramirez.cl\/maestranza\/portada\/attachment\/4\/\" class=\"wp-image-17\"\/><\/figure><\/li><li class=\"blocks-gallery-item\"><figure><img loading=\"lazy\" width=\"150\" height=\"115\" src=\"https:\/\/maestranzaramirez.cl\/maestranza\/wp-content\/uploads\/2021\/03\/5.jpg\" alt=\"\" data-id=\"18\" data-link=\"https:\/\/maestranzaramirez.cl\/maestranza\/portada\/attachment\/5\/\" class=\"wp-image-18\"\/><\/figure><\/li><li class=\"blocks-gallery-item\"><figure><img loading=\"lazy\" width=\"150\" height=\"115\" src=\"https:\/\/maestranzaramirez.cl\/maestranza\/wp-content\/uploads\/2021\/03\/6.jpg\" alt=\"\" data-id=\"19\" data-link=\"https:\/\/maestranzaramirez.cl\/maestranza\/portada\/attachment\/6\/\" class=\"wp-image-19\"\/><\/figure><\/li><li class=\"blocks-gallery-item\"><figure><img loading=\"lazy\" width=\"150\" height=\"115\" src=\"https:\/\/maestranzaramirez.cl\/maestranza\/wp-content\/uploads\/2021\/03\/7.jpg\" alt=\"\" data-id=\"20\" data-link=\"https:\/\/maestranzaramirez.cl\/maestranza\/portada\/attachment\/7\/\" class=\"wp-image-20\"\/><\/figure><\/li><li class=\"blocks-gallery-item\"><figure><img loading=\"lazy\" width=\"150\" height=\"115\" src=\"https:\/\/maestranzaramirez.cl\/maestranza\/wp-content\/uploads\/2021\/03\/8.jpg\" alt=\"\" data-id=\"21\" data-link=\"https:\/\/maestranzaramirez.cl\/maestranza\/portada\/attachment\/8\/\" class=\"wp-image-21\"\/><\/figure><\/li><li class=\"blocks-gallery-item\"><figure><img loading=\"lazy\" width=\"150\" height=\"115\" src=\"https:\/\/maestranzaramirez.cl\/maestranza\/wp-content\/uploads\/2021\/03\/9.jpg\" alt=\"\" data-id=\"22\" data-link=\"https:\/\/maestranzaramirez.cl\/maestranza\/portada\/attachment\/9\/\" class=\"wp-image-22\"\/><\/figure><\/li><li class=\"blocks-gallery-item\"><figure><img loading=\"lazy\" width=\"150\" height=\"115\" src=\"https:\/\/maestranzaramirez.cl\/maestranza\/wp-content\/uploads\/2021\/03\/10.jpg\" alt=\"\" data-id=\"23\" data-link=\"https:\/\/maestranzaramirez.cl\/maestranza\/portada\/attachment\/10\/\" class=\"wp-image-23\"\/><\/figure><\/li><li class=\"blocks-gallery-item\"><figure><img loading=\"lazy\" width=\"150\" height=\"115\" src=\"https:\/\/maestranzaramirez.cl\/maestranza\/wp-content\/uploads\/2021\/03\/11.jpg\" alt=\"\" data-id=\"24\" data-link=\"https:\/\/maestranzaramirez.cl\/maestranza\/portada\/attachment\/11\/\" class=\"wp-image-24\"\/><\/figure><\/li><li class=\"blocks-gallery-item\"><figure><img loading=\"lazy\" width=\"150\" height=\"115\" src=\"https:\/\/maestranzaramirez.cl\/maestranza\/wp-content\/uploads\/2021\/03\/12.jpg\" alt=\"\" data-id=\"25\" data-link=\"https:\/\/maestranzaramirez.cl\/maestranza\/portada\/attachment\/12\/\" class=\"wp-image-25\"\/><\/figure><\/li><li class=\"blocks-gallery-item\"><figure><img loading=\"lazy\" width=\"150\" height=\"115\" src=\"https:\/\/maestranzaramirez.cl\/maestranza\/wp-content\/uploads\/2021\/03\/13.jpg\" alt=\"\" data-id=\"26\" data-link=\"https:\/\/maestranzaramirez.cl\/maestranza\/portada\/attachment\/13\/\" class=\"wp-image-26\"\/><\/figure><\/li><\/ul><\/figure>\n<\/div><\/div>\n<\/div><\/div><\/div>\n\n\n<style id=\"kt-blocks_de605a-9a\">#kt-layout-id_de605a-9a > .kt-row-column-wrap.kb-theme-content-width{max-width:1024px;}.kt-layout-id_de605a-9a > .kb-theme-content-width{padding-left:var(--global-sm-spacing);padding-right:var(--global-sm-spacing);}<\/style>\n<div class=\"wp-block-kadence-rowlayout alignnone\"><div id=\"kt-layout-id_de605a-9a\" class=\"kt-row-layout-inner kt-layout-id_de605a-9a\"><div class=\"kt-row-column-wrap kt-has-1-columns kt-gutter-default kt-v-gutter-default kt-row-valign-top kt-row-layout-equal kt-tab-layout-inherit kt-m-colapse-left-to-right kt-mobile-layout-row kb-theme-content-width\">\n<div class=\"wp-block-kadence-column inner-column-1 kadence-column_c3394f-86\"><div class=\"kt-inside-inner-col\">\n<h3 id=\"contacto\">Formulario Contacto<\/h3>\n\n\n\n<div class=\"wp-block-kadence-rowlayout alignnone\"><div id=\"kt-layout-id_7deed5-81\" class=\"kt-row-layout-inner kt-layout-id_7deed5-81\"><div class=\"kt-row-column-wrap kt-has-2-columns kt-gutter-default kt-v-gutter-default kt-row-valign-top kt-row-layout-equal kt-tab-layout-inherit kt-m-colapse-left-to-right kt-mobile-layout-row\">\n<div class=\"wp-block-kadence-column inner-column-1 kadence-column_7297e6-9d\"><div class=\"kt-inside-inner-col\"><style id=\"kt-blocks_6bc0ee-16\">.kadence-form-_6bc0ee-16 .kb-form .kadence-blocks-form-field .kb-forms-submit {}.kadence-form-_6bc0ee-16 .kb-form .kadence-blocks-form-field .kb-forms-submit:hover, .kadence-form-_6bc0ee-16 .kb-form .kadence-blocks-form-field .kb-forms-submit:focus  {}<\/style>\n<div class=\"wp-block-kadence-form kadence-form-_6bc0ee-16 kb-form-wrap\"><form class=\"kb-form\" action=\"\" method=\"post\"><div class=\"kadence-blocks-form-field kb-field-desk-width-100 kb-input-size-standard\"><label for=\"kb_field__6bc0ee-16_0\">Nombre<span class=\"required\">*<\/span><\/label><input name=\"kb_field_0\" id=\"kb_field__6bc0ee-16_0\" data-label=\"Nombre\" type=\"text\" placeholder=\"\" value=\"\" data-type=\"text\" class=\"kb-field kb-text-style-field kb-text-field kb-field-0\" data-required=\"yes\"\/><\/div><div class=\"kadence-blocks-form-field kb-form-field-1 kb-field-desk-width-100 kb-input-size-standard\"><label for=\"kb_field__6bc0ee-16_1\">Email<span class=\"required\">*<\/span><\/label><input name=\"kb_field_1\" id=\"kb_field__6bc0ee-16_1\" data-label=\"Email\" type=\"email\" placeholder=\"\" value=\"\" data-type=\"email\" class=\"kb-field kb-text-style-field kb-email-field kb-field-1\" data-required=\"yes\"\/><\/div><div class=\"kadence-blocks-form-field kb-form-field-2 kb-field-desk-width-100 kb-input-size-standard\"><label for=\"kb_field__6bc0ee-16_2\">Tel\u00e9fono<span class=\"required\">*<\/span><\/label><input name=\"kb_field_2\" id=\"kb_field__6bc0ee-16_2\" data-label=\"Tel\u00e9fono\" type=\"text\" placeholder=\"\" value=\"\" data-type=\"text\" class=\"kb-field kb-text-style-field kb-text-field kb-field-2\" data-required=\"yes\"\/><\/div><div class=\"kadence-blocks-form-field kb-form-field-3 kb-field-desk-width-100 kb-input-size-standard\"><label for=\"kb_field__6bc0ee-16_3\">Asunto<span class=\"required\">*<\/span><\/label><input name=\"kb_field_3\" id=\"kb_field__6bc0ee-16_3\" data-label=\"Asunto\" type=\"text\" placeholder=\"\" value=\"\" data-type=\"text\" class=\"kb-field kb-text-style-field kb-text-field kb-field-3\" data-required=\"yes\"\/><\/div><div class=\"kadence-blocks-form-field kb-form-field-4 kb-field-desk-width-100 kb-input-size-standard\"><label for=\"kb_field__6bc0ee-16_4\">Mensaje<span class=\"required\">*<\/span><\/label><textarea name=\"kb_field_4\" id=\"kb_field__6bc0ee-16_4\" data-label=\"Mensaje\" type=\"textarea\" placeholder=\"\" data-type=\"textarea\" class=\"kb-field kb-text-style-field kb-textarea-field kb-field-4\" rows=\"4\" data-required=\"yes\"><\/textarea><\/div><input type=\"hidden\" name=\"_kb_form_id\" value=\"_6bc0ee-16\"\/><input type=\"hidden\" name=\"_kb_form_post_id\" value=\"10\"\/><input type=\"hidden\" name=\"action\" value=\"kb_process_ajax_submit\"\/><input class=\"kadence-blocks-field verify\" type=\"text\" name=\"_kb_verify_email\" autocomplete=\"off\" placeholder=\"Email\" tabindex=\"-1\"\/><div class=\"kadence-blocks-form-field kb-submit-field kb-field-desk-width-100\"><button class=\"kb-forms-submit button kb-button-size-standard kb-button-width-auto\">Enviar<\/button><\/div><\/form><\/div>\n<\/div><\/div>\n\n\n\n<div class=\"wp-block-kadence-column inner-column-2 kadence-column_8b9c89-80\"><div class=\"kt-inside-inner-col\">\n<iframe src=\"https:\/\/www.google.com\/maps\/embed?pb=!1m18!1m12!1m3!1d3329.7865741739297!2d-70.70540988523713!3d-33.42880820378706!2m3!1f0!2f0!3f0!3m2!1i1024!2i768!4f13.1!3m3!1m2!1s0x9662c4124092b983%3A0x7179d64aa4f7ca15!2sMapocho%204944%2C%20Quinta%20Normal%2C%20Regi%C3%B3n%20Metropolitana!5e0!3m2!1ses!2scl!4v1616275117665!5m2!1ses!2scl\" width=\"100%\" height=\"500\" style=\"border:0;\" allowfullscreen=\"\" loading=\"lazy\"><\/iframe>\n\n\n\n<p>Horario atenci\u00f3n: <br>Lunes a viernes de 08:00 a 17:00 hrs.<\/p>\n<\/div><\/div>\n<\/div><\/div><\/div>\n<\/div><\/div>\n<\/div><\/div><\/div>\n\n\n\n<p><\/p>\n","protected":false},"excerpt":{"rendered":"","protected":false},"author":1,"featured_media":0,"parent":0,"menu_order":0,"comment_status":"closed","ping_status":"closed","template":"","meta":{"kt_blocks_editor_width":"","_kad_post_transparent":"","_kad_post_title":"","_kad_post_layout":"fullwidth","_kad_post_sidebar_id":"","_kad_post_content_style":"unboxed","_kad_post_vertical_padding":"","_kad_post_feature":"","_kad_post_feature_position":"","_kad_post_header":false,"_kad_post_footer":false},"kb_featured_image_src_large":false,"kb_author_info":{"display_name":"webmaster","author_link":"https:\/\/maestranzaramirez.cl\/maestranza\/author\/webmaster\/","author_image":"https:\/\/secure.gravatar.com\/avatar\/8b73c0ca41b5b620e3c758647112dee2?s=96&d=mm&r=g"},"kb_comment_info":0,"_links":{"self":[{"href":"https:\/\/maestranzaramirez.cl\/maestranza\/wp-json\/wp\/v2\/pages\/10"}],"collection":[{"href":"https:\/\/maestranzaramirez.cl\/maestranza\/wp-json\/wp\/v2\/pages"}],"about":[{"href":"https:\/\/maestranzaramirez.cl\/maestranza\/wp-json\/wp\/v2\/types\/page"}],"author":[{"embeddable":true,"href":"https:\/\/maestranzaramirez.cl\/maestranza\/wp-json\/wp\/v2\/users\/1"}],"replies":[{"embeddable":true,"href":"https:\/\/maestranzaramirez.cl\/maestranza\/wp-json\/wp\/v2\/comments?post=10"}],"version-history":[{"count":31,"href":"https:\/\/maestranzaramirez.cl\/maestranza\/wp-json\/wp\/v2\/pages\/10\/revisions"}],"predecessor-version":[{"id":110,"href":"https:\/\/maestranzaramirez.cl\/maestranza\/wp-json\/wp\/v2\/pages\/10\/revisions\/110"}],"wp:attachment":[{"href":"https:\/\/maestranzaramirez.cl\/maestranza\/wp-json\/wp\/v2\/media?parent=10"}],"curies":[{"name":"wp","href":"https:\/\/api.w.org\/{rel}","templated":true}]}}